{"id":134,"date":"2014-08-29T09:59:55","date_gmt":"2014-08-29T09:59:55","guid":{"rendered":"http:\/\/soul-control.de\/?page_id=134"},"modified":"2015-11-10T09:49:42","modified_gmt":"2015-11-10T09:49:42","slug":"frank-katemann","status":"publish","type":"page","link":"http:\/\/soul-control.de\/?page_id=134","title":{"rendered":"Frank Katemann"},"content":{"rendered":"<p><strong>vocal<img loading=\"lazy\" decoding=\"async\" class=\"alignright size-thumbnail wp-image-72\" src=\"http:\/\/soul-control.de\/wp-content\/uploads\/2014\/08\/frank-150x150.jpg\" alt=\"Frank Katemann\" width=\"150\" height=\"150\" \/><\/strong><\/p>\n<p class=\"p1\">&#8222;I\u2019m a soulman&#8220; ist Franks Motto. In seinen Teenagerjahren hat er mit Soul-Musik und dem damit verbundenen Lebensgef\u00fchl sein Lebenselixier gefunden. Au\u00dferdem liebt er es auf der B\u00fchne\u00a0zu stehen, zu singen und das Publikum zu unterhalten. Seine aus diesen Leidenschaften entspringende Energie stellt Frank dankbar in den Dienst der Band soul control und befruchtet zudem mit seinen souligen Wurzeln auch seine Vokalband JuiceBox.<\/p>\n<p class=\"p1\">Zum blanken \u00dcberleben reicht seine Passion allerdings nicht. Was f\u00fcr ein gro\u00dfes Gl\u00fcck, dass Frank als Lehrer f\u00fcr die F\u00e4cher Musik und Physik mit der Helene-Lange-Schule Hannover einen anst\u00e4ndigen Arbeitgeber gefunden hat.<\/p>\n","protected":false},"excerpt":{"rendered":"<p>vocal &#8222;I\u2019m a soulman&#8220; ist Franks Motto. In seinen Teenagerjahren hat er mit Soul-Musik und dem damit verbundenen Lebensgef\u00fchl sein Lebenselixier gefunden. Au\u00dferdem liebt er es auf der B\u00fchne\u00a0zu stehen, zu singen und das Publikum zu unterhalten. Seine aus diesen &hellip; <a href=\"http:\/\/soul-control.de\/?page_id=134\">Weiterlesen <span class=\"meta-nav\">&rarr;<\/span><\/a><\/p>\n","protected":false},"author":1,"featured_media":0,"parent":10,"menu_order":1,"comment_status":"closed","ping_status":"closed","template":"","meta":{"footnotes":""},"class_list":["post-134","page","type-page","status-publish","hentry"],"_links":{"self":[{"href":"http:\/\/soul-control.de\/index.php?rest_route=\/wp\/v2\/pages\/134","targetHints":{"allow":["GET"]}}],"collection":[{"href":"http:\/\/soul-control.de\/index.php?rest_route=\/wp\/v2\/pages"}],"about":[{"href":"http:\/\/soul-control.de\/index.php?rest_route=\/wp\/v2\/types\/page"}],"author":[{"embeddable":true,"href":"http:\/\/soul-control.de\/index.php?rest_route=\/wp\/v2\/users\/1"}],"replies":[{"embeddable":true,"href":"http:\/\/soul-control.de\/index.php?rest_route=%2Fwp%2Fv2%2Fcomments&post=134"}],"version-history":[{"count":8,"href":"http:\/\/soul-control.de\/index.php?rest_route=\/wp\/v2\/pages\/134\/revisions"}],"predecessor-version":[{"id":212,"href":"http:\/\/soul-control.de\/index.php?rest_route=\/wp\/v2\/pages\/134\/revisions\/212"}],"up":[{"embeddable":true,"href":"http:\/\/soul-control.de\/index.php?rest_route=\/wp\/v2\/pages\/10"}],"wp:attachment":[{"href":"http:\/\/soul-control.de\/index.php?rest_route=%2Fwp%2Fv2%2Fmedia&parent=134"}],"curies":[{"name":"wp","href":"https:\/\/api.w.org\/{rel}","templated":true}]}}