{"id":144,"date":"2014-08-29T11:19:06","date_gmt":"2014-08-29T11:19:06","guid":{"rendered":"http:\/\/soul-control.de\/?page_id=144"},"modified":"2019-05-10T21:17:43","modified_gmt":"2019-05-10T19:17:43","slug":"sonja-telgheder-vocal","status":"publish","type":"page","link":"http:\/\/soul-control.de\/?page_id=144","title":{"rendered":"Sonja Bittner, geb. Telgheder"},"content":{"rendered":"<p><strong>vocal<img loading=\"lazy\" decoding=\"async\" class=\"alignright size-thumbnail wp-image-73\" src=\"http:\/\/soul-control.de\/wp-content\/uploads\/2014\/08\/sonja-150x150.jpg\" alt=\"Sonja Telgheder\" width=\"150\" height=\"150\"><\/strong><\/p>\n<p>Geboren am 14. Februar 1980 in Hameln. In der Rradition des Rattenf\u00e4ngers aufgewachsen, erlernte sie in ihrer Jugend alle Arten von Fl\u00f6ten. Der Erfolg mit&nbsp;diesem Instrument f\u00fchrte sie dann 2000 an die Hochschule f\u00fcr Musik und Theater Hannover. Im laufe der Jahre stellte sich heraus, dass sie mit ihrer Stimme wesentlich erfolgreicher sein k\u00f6nnte und so folgte der Wechsel zum Hauptfach Gesang. W\u00e4hrend ihres&nbsp;Schulmusikstudiums&nbsp;studiert sie bereits im Jazz\/Rock\/Pop-Gesang bei Romy Camerun. Sonja&nbsp;ist au\u00dferdem als Studios\u00e4ngerin und Gesangslehrerin t\u00e4tig.<\/p>\n<p>Sonja ist bekannt f\u00fcr ihre unverwechselbare Stimme, die sie gekonnt einsetzt, egal ob in Jazz, Pop, Klassik oder aber im Soul.<\/p>\n<p>&nbsp;<\/p>\n","protected":false},"excerpt":{"rendered":"<p>vocal Geboren am 14. Februar 1980 in Hameln. In der Rradition des Rattenf\u00e4ngers aufgewachsen, erlernte sie in ihrer Jugend alle Arten von Fl\u00f6ten. Der Erfolg mit&nbsp;diesem Instrument f\u00fchrte sie dann 2000 an die Hochschule f\u00fcr Musik und Theater Hannover. Im &hellip; <a href=\"http:\/\/soul-control.de\/?page_id=144\">Weiterlesen <span class=\"meta-nav\">&rarr;<\/span><\/a><\/p>\n","protected":false},"author":1,"featured_media":0,"parent":10,"menu_order":2,"comment_status":"closed","ping_status":"closed","template":"","meta":{"footnotes":""},"class_list":["post-144","page","type-page","status-publish","hentry"],"_links":{"self":[{"href":"http:\/\/soul-control.de\/index.php?rest_route=\/wp\/v2\/pages\/144","targetHints":{"allow":["GET"]}}],"collection":[{"href":"http:\/\/soul-control.de\/index.php?rest_route=\/wp\/v2\/pages"}],"about":[{"href":"http:\/\/soul-control.de\/index.php?rest_route=\/wp\/v2\/types\/page"}],"author":[{"embeddable":true,"href":"http:\/\/soul-control.de\/index.php?rest_route=\/wp\/v2\/users\/1"}],"replies":[{"embeddable":true,"href":"http:\/\/soul-control.de\/index.php?rest_route=%2Fwp%2Fv2%2Fcomments&post=144"}],"version-history":[{"count":4,"href":"http:\/\/soul-control.de\/index.php?rest_route=\/wp\/v2\/pages\/144\/revisions"}],"predecessor-version":[{"id":265,"href":"http:\/\/soul-control.de\/index.php?rest_route=\/wp\/v2\/pages\/144\/revisions\/265"}],"up":[{"embeddable":true,"href":"http:\/\/soul-control.de\/index.php?rest_route=\/wp\/v2\/pages\/10"}],"wp:attachment":[{"href":"http:\/\/soul-control.de\/index.php?rest_route=%2Fwp%2Fv2%2Fmedia&parent=144"}],"curies":[{"name":"wp","href":"https:\/\/api.w.org\/{rel}","templated":true}]}}