{"id":160,"date":"2014-08-29T11:43:32","date_gmt":"2014-08-29T11:43:32","guid":{"rendered":"http:\/\/soul-control.de\/?page_id=160"},"modified":"2015-11-10T09:50:06","modified_gmt":"2015-11-10T09:50:06","slug":"christian-zeiger","status":"publish","type":"page","link":"http:\/\/soul-control.de\/?page_id=160","title":{"rendered":"Christian Zeiger"},"content":{"rendered":"<p><strong>guitar<img loading=\"lazy\" decoding=\"async\" class=\"alignright size-thumbnail wp-image-79\" src=\"http:\/\/soul-control.de\/wp-content\/uploads\/2014\/08\/christian-150x150.jpg\" alt=\"Christian Zeiger\" width=\"150\" height=\"150\" \/><\/strong><\/p>\n<p>Geboren im Jahre, als MTV zum ersten Mal auf Sendung ging und Gottlieb Wendehals mit &#8222;Polon\u00e4se Blankenese&#8220; drei\u00a0Wochen die pole position in den deutschen Charts blockierte, wurde Christian im Alter von 5 Jahren zur musikalischen Fr\u00fcherziehung geschickt. Danach sollte eigentlich eine sogenannte &#8222;Musikalische Grundausbildung&#8220; anstehen, die jedoch aufgrund von mangelnder Entscheidungsfreudigkeit f\u00fcr ein Instrument nicht stattfand. Erst sp\u00e4ter, im Alter von 10 Jahren entwickelte sich ein Interesse f\u00fcr das Schlagzeug, das er jedoch beim Tag der offenen T\u00fcr der St\u00e4dtischen Musikschule schnellstens wieder verwarf (&#8222;Boah, ist das laut ey!&#8220;). Stattdessen griff er zur Gitarre, was sich bis heute als die richtige Wahl herausgestellt hat.<\/p>\n<p>Seit November 2003 gibt es soul control und kein zur\u00fcck mehr.<\/p>\n<p>Neben soul control war\u00a0christian auch mit folgenden Formationen unterwegs: Corona, <a href=\"http:\/\/www.dennisdurant.com\/\" target=\"_blank\">Dennis Durant<\/a>.<\/p>\n","protected":false},"excerpt":{"rendered":"<p>guitar Geboren im Jahre, als MTV zum ersten Mal auf Sendung ging und Gottlieb Wendehals mit &#8222;Polon\u00e4se Blankenese&#8220; drei\u00a0Wochen die pole position in den deutschen Charts blockierte, wurde Christian im Alter von 5 Jahren zur musikalischen Fr\u00fcherziehung geschickt. Danach sollte &hellip; <a href=\"http:\/\/soul-control.de\/?page_id=160\">Weiterlesen <span class=\"meta-nav\">&rarr;<\/span><\/a><\/p>\n","protected":false},"author":1,"featured_media":0,"parent":10,"menu_order":6,"comment_status":"closed","ping_status":"closed","template":"","meta":{"footnotes":""},"class_list":["post-160","page","type-page","status-publish","hentry"],"_links":{"self":[{"href":"http:\/\/soul-control.de\/index.php?rest_route=\/wp\/v2\/pages\/160","targetHints":{"allow":["GET"]}}],"collection":[{"href":"http:\/\/soul-control.de\/index.php?rest_route=\/wp\/v2\/pages"}],"about":[{"href":"http:\/\/soul-control.de\/index.php?rest_route=\/wp\/v2\/types\/page"}],"author":[{"embeddable":true,"href":"http:\/\/soul-control.de\/index.php?rest_route=\/wp\/v2\/users\/1"}],"replies":[{"embeddable":true,"href":"http:\/\/soul-control.de\/index.php?rest_route=%2Fwp%2Fv2%2Fcomments&post=160"}],"version-history":[{"count":2,"href":"http:\/\/soul-control.de\/index.php?rest_route=\/wp\/v2\/pages\/160\/revisions"}],"predecessor-version":[{"id":178,"href":"http:\/\/soul-control.de\/index.php?rest_route=\/wp\/v2\/pages\/160\/revisions\/178"}],"up":[{"embeddable":true,"href":"http:\/\/soul-control.de\/index.php?rest_route=\/wp\/v2\/pages\/10"}],"wp:attachment":[{"href":"http:\/\/soul-control.de\/index.php?rest_route=%2Fwp%2Fv2%2Fmedia&parent=160"}],"curies":[{"name":"wp","href":"https:\/\/api.w.org\/{rel}","templated":true}]}}