{"id":164,"date":"2014-08-29T11:49:12","date_gmt":"2014-08-29T11:49:12","guid":{"rendered":"http:\/\/soul-control.de\/?page_id=164"},"modified":"2015-11-10T09:50:15","modified_gmt":"2015-11-10T09:50:15","slug":"momme-boe","status":"publish","type":"page","link":"http:\/\/soul-control.de\/?page_id=164","title":{"rendered":"Momme Boe"},"content":{"rendered":"<p><strong>drums<img loading=\"lazy\" decoding=\"async\" class=\"alignright size-thumbnail wp-image-81\" src=\"http:\/\/soul-control.de\/wp-content\/uploads\/2014\/08\/momme-150x150.jpg\" alt=\"Momme Boe\" width=\"150\" height=\"150\" \/><\/strong><\/p>\n<p>1981 in Husum an der Nordsee geboren, verbrachte Momme seine Kindheit im Spielmannszug R\u00f6demis. Nach 2 Jahren im Marinemusikkorps Ostsee in Kiel begann er 2003 sein Studium an der Hochschule f\u00fcr Musik, Theater und Medien Hannover.<\/p>\n<p>Wo genau auf diesem Weg ihm die Soulmusik \u00fcber den Weg gelaufen ist, wei\u00df keiner so recht &#8211; aber bei soul control befeuert er den Maschinenraum der Band, als h\u00e4tte es nie eine andere Musik f\u00fcr ihn gegeben.<\/p>\n<p>Momme arbeitet unter anderem mit den Chartst\u00fcrmern \u201eMarquess\u201c, war Sideman bei Pee Wee Ellis und Joo Kraus, tourt europaweit mit der Soul-Produktion \u201eMotown &#8211; Die Legende\u201c und hat einen Lehrauftrag f\u00fcr Schlagzeug an der HMTMH sowie am Musiccollege Hannover.<\/p>\n<p>Mehr Info\u00b4s unter <a href=\"http:\/\/www.mommeboe.de\" target=\"_blank\">www.mommeboe.de<\/a>.<\/p>\n","protected":false},"excerpt":{"rendered":"<p>drums 1981 in Husum an der Nordsee geboren, verbrachte Momme seine Kindheit im Spielmannszug R\u00f6demis. Nach 2 Jahren im Marinemusikkorps Ostsee in Kiel begann er 2003 sein Studium an der Hochschule f\u00fcr Musik, Theater und Medien Hannover. Wo genau auf &hellip; <a href=\"http:\/\/soul-control.de\/?page_id=164\">Weiterlesen <span class=\"meta-nav\">&rarr;<\/span><\/a><\/p>\n","protected":false},"author":1,"featured_media":0,"parent":10,"menu_order":8,"comment_status":"open","ping_status":"closed","template":"","meta":{"footnotes":""},"class_list":["post-164","page","type-page","status-publish","hentry"],"_links":{"self":[{"href":"http:\/\/soul-control.de\/index.php?rest_route=\/wp\/v2\/pages\/164","targetHints":{"allow":["GET"]}}],"collection":[{"href":"http:\/\/soul-control.de\/index.php?rest_route=\/wp\/v2\/pages"}],"about":[{"href":"http:\/\/soul-control.de\/index.php?rest_route=\/wp\/v2\/types\/page"}],"author":[{"embeddable":true,"href":"http:\/\/soul-control.de\/index.php?rest_route=\/wp\/v2\/users\/1"}],"replies":[{"embeddable":true,"href":"http:\/\/soul-control.de\/index.php?rest_route=%2Fwp%2Fv2%2Fcomments&post=164"}],"version-history":[{"count":5,"href":"http:\/\/soul-control.de\/index.php?rest_route=\/wp\/v2\/pages\/164\/revisions"}],"predecessor-version":[{"id":225,"href":"http:\/\/soul-control.de\/index.php?rest_route=\/wp\/v2\/pages\/164\/revisions\/225"}],"up":[{"embeddable":true,"href":"http:\/\/soul-control.de\/index.php?rest_route=\/wp\/v2\/pages\/10"}],"wp:attachment":[{"href":"http:\/\/soul-control.de\/index.php?rest_route=%2Fwp%2Fv2%2Fmedia&parent=164"}],"curies":[{"name":"wp","href":"https:\/\/api.w.org\/{rel}","templated":true}]}}