{"id":168,"date":"2014-08-29T20:12:24","date_gmt":"2014-08-29T20:12:24","guid":{"rendered":"http:\/\/soul-control.de\/?page_id=168"},"modified":"2015-11-10T09:50:21","modified_gmt":"2015-11-10T09:50:21","slug":"nico-deppisch","status":"publish","type":"page","link":"http:\/\/soul-control.de\/?page_id=168","title":{"rendered":"Nico Deppisch"},"content":{"rendered":"<p><strong>bass<img loading=\"lazy\" decoding=\"async\" class=\"alignright size-thumbnail wp-image-82\" src=\"http:\/\/soul-control.de\/wp-content\/uploads\/2014\/08\/nico-150x150.jpg\" alt=\"Nico Deppisch\" width=\"150\" height=\"150\" \/><\/strong><\/p>\n<p>Vor nicht allzu langer Zeit pellte er sich aus den ewigen W\u00e4ldern des Siegerlandes um sich schliesslich in der Weltstadt Hannover niederzulassen um in mehreren Dekaden sein Studium an der hmt Hannover noch in diesem Leben zu beenden.<\/p>\n<p>\u00dcber Jahre war Nico Langbrettknecht in Funk &amp; Soul Formationen, und so dauerte es nicht lange auch f\u00fcr die soul control&#8217;er mal die Abschleppseile zu l\u00e4uten. Mit charmantem Groove und melodi\u00f6sen Basslinien f\u00fcgt er sich seit dem bestens in die Band ein.<\/p>\n<p>Mehr unter <a href=\"http:\/\/www.nicodeppisch.de\" target=\"_blank\">www.nicodeppisch.de<\/a>.<\/p>\n","protected":false},"excerpt":{"rendered":"<p>bass Vor nicht allzu langer Zeit pellte er sich aus den ewigen W\u00e4ldern des Siegerlandes um sich schliesslich in der Weltstadt Hannover niederzulassen um in mehreren Dekaden sein Studium an der hmt Hannover noch in diesem Leben zu beenden. \u00dcber &hellip; <a href=\"http:\/\/soul-control.de\/?page_id=168\">Weiterlesen <span class=\"meta-nav\">&rarr;<\/span><\/a><\/p>\n","protected":false},"author":1,"featured_media":0,"parent":10,"menu_order":9,"comment_status":"closed","ping_status":"closed","template":"","meta":{"footnotes":""},"class_list":["post-168","page","type-page","status-publish","hentry"],"_links":{"self":[{"href":"http:\/\/soul-control.de\/index.php?rest_route=\/wp\/v2\/pages\/168","targetHints":{"allow":["GET"]}}],"collection":[{"href":"http:\/\/soul-control.de\/index.php?rest_route=\/wp\/v2\/pages"}],"about":[{"href":"http:\/\/soul-control.de\/index.php?rest_route=\/wp\/v2\/types\/page"}],"author":[{"embeddable":true,"href":"http:\/\/soul-control.de\/index.php?rest_route=\/wp\/v2\/users\/1"}],"replies":[{"embeddable":true,"href":"http:\/\/soul-control.de\/index.php?rest_route=%2Fwp%2Fv2%2Fcomments&post=168"}],"version-history":[{"count":2,"href":"http:\/\/soul-control.de\/index.php?rest_route=\/wp\/v2\/pages\/168\/revisions"}],"predecessor-version":[{"id":181,"href":"http:\/\/soul-control.de\/index.php?rest_route=\/wp\/v2\/pages\/168\/revisions\/181"}],"up":[{"embeddable":true,"href":"http:\/\/soul-control.de\/index.php?rest_route=\/wp\/v2\/pages\/10"}],"wp:attachment":[{"href":"http:\/\/soul-control.de\/index.php?rest_route=%2Fwp%2Fv2%2Fmedia&parent=168"}],"curies":[{"name":"wp","href":"https:\/\/api.w.org\/{rel}","templated":true}]}}