{"id":2,"date":"2014-05-09T04:35:09","date_gmt":"2014-05-09T04:35:09","guid":{"rendered":"http:\/\/localhost\/wordpress-3.9.1\/wordpress\/?page_id=2"},"modified":"2015-11-10T10:31:42","modified_gmt":"2015-11-10T10:31:42","slug":"sample-page","status":"publish","type":"page","link":"http:\/\/soul-control.de\/?page_id=2","title":{"rendered":"Postwurfsendung"},"content":{"rendered":"<p>F\u00fcr Konzertbesucher und solche, die es werden m\u00f6chten, besteht die M\u00f6glichkeit, vor jedem Gig mit soul control eine elektronische Postwurfsendung zu erhalten. Darin steht eine n\u00fcchterne Ank\u00fcndigung f\u00fcr den n\u00e4chsten Gig mit Ort und Uhrzeit &#8211; eine herrliche Sache! Einfach die e-Mail-Adresse in das unten stehende Feld, auf eintragen klicken und eine e-mailige Ank\u00fcndigung zur n\u00e4chsten Soul-Party kommt garantiert!<\/p>\n<p><!-- Begin MailChimp Signup Form --><\/p>\n<div id=\"mc_embed_signup\">\n<form id=\"mc-embedded-subscribe-form\" class=\"validate\" action=\"\/\/soul-control.us9.list-manage.com\/subscribe\/post?u=86cf69087117af13bea231fa5&amp;id=edbf5006d0\" method=\"post\" name=\"mc-embedded-subscribe-form\" novalidate=\"\" target=\"_blank\">\n<div class=\"mc-field-group\"><label for=\"mce-EMAIL\">E-Mail Adresse <\/label><br \/>\n<input id=\"mce-EMAIL\" class=\"required email\" name=\"EMAIL\" type=\"email\" value=\"\" \/><\/div>\n<div id=\"mce-responses\" class=\"clear\"><\/div>\n<p><!-- real people should not fill this in and expect good things - do not remove this or risk form bot signups--><\/p>\n<div style=\"position: absolute; left: -5000px;\"><input tabindex=\"-1\" name=\"b_86cf69087117af13bea231fa5_edbf5006d0\" type=\"text\" value=\"\" \/><\/div>\n<div class=\"clear\"><input id=\"mc-embedded-subscribe\" class=\"button\" name=\"subscribe\" type=\"submit\" value=\"Eintragen\" \/><\/div>\n<\/form>\n<\/div>\n<p><script src=\"\/\/s3.amazonaws.com\/downloads.mailchimp.com\/js\/mc-validate.js\"><\/script><script>\/\/ <![CDATA[\n(function($) {window.fnames = new Array(); window.ftypes = new Array();fnames[0]='EMAIL';ftypes[0]='email'; \/* * Translated default messages for the $ validation plugin. * Locale: DE *\/ $.extend($.validator.messages, { required: \"Dieses Feld ist ein Pflichtfeld.\", maxlength: $.validator.format(\"Geben Sie bitte maximal {0} Zeichen ein.\"), minlength: $.validator.format(\"Geben Sie bitte mindestens {0} Zeichen ein.\"), rangelength: $.validator.format(\"Geben Sie bitte mindestens {0} und maximal {1} Zeichen ein.\"), email: \"Geben Sie bitte eine g\u00fcltige E-Mail Adresse ein.\", url: \"Geben Sie bitte eine g\u00fcltige URL ein.\", date: \"Bitte geben Sie ein g\u00fcltiges Datum ein.\", number: \"Geben Sie bitte eine Nummer ein.\", digits: \"Geben Sie bitte nur Ziffern ein.\", equalTo: \"Bitte denselben Wert wiederholen.\", range: $.validator.format(\"Geben Sie bitten einen Wert zwischen {0} und {1}.\"), max: $.validator.format(\"Geben Sie bitte einen Wert kleiner oder gleich {0} ein.\"), min: $.validator.format(\"Geben Sie bitte einen Wert gr\u00f6\u00dfer oder gleich {0} ein.\"), creditcard: \"Geben Sie bitte ein g\u00fcltige Kreditkarten-Nummer ein.\" });}(jQuery));var $mcj = jQuery.noConflict(true);\n\/\/ ]]><\/script><br \/>\n<!--End mc_embed_signup--><\/p>\n","protected":false},"excerpt":{"rendered":"<p>F\u00fcr Konzertbesucher und solche, die es werden m\u00f6chten, besteht die M\u00f6glichkeit, vor jedem Gig mit soul control eine elektronische Postwurfsendung zu erhalten. Darin steht eine n\u00fcchterne Ank\u00fcndigung f\u00fcr den n\u00e4chsten Gig mit Ort und Uhrzeit &#8211; eine herrliche Sache! Einfach &hellip; <a href=\"http:\/\/soul-control.de\/?page_id=2\">Weiterlesen <span class=\"meta-nav\">&rarr;<\/span><\/a><\/p>\n","protected":false},"author":1,"featured_media":0,"parent":0,"menu_order":2,"comment_status":"closed","ping_status":"closed","template":"","meta":{"footnotes":""},"class_list":["post-2","page","type-page","status-publish","hentry"],"_links":{"self":[{"href":"http:\/\/soul-control.de\/index.php?rest_route=\/wp\/v2\/pages\/2","targetHints":{"allow":["GET"]}}],"collection":[{"href":"http:\/\/soul-control.de\/index.php?rest_route=\/wp\/v2\/pages"}],"about":[{"href":"http:\/\/soul-control.de\/index.php?rest_route=\/wp\/v2\/types\/page"}],"author":[{"embeddable":true,"href":"http:\/\/soul-control.de\/index.php?rest_route=\/wp\/v2\/users\/1"}],"replies":[{"embeddable":true,"href":"http:\/\/soul-control.de\/index.php?rest_route=%2Fwp%2Fv2%2Fcomments&post=2"}],"version-history":[{"count":6,"href":"http:\/\/soul-control.de\/index.php?rest_route=\/wp\/v2\/pages\/2\/revisions"}],"predecessor-version":[{"id":229,"href":"http:\/\/soul-control.de\/index.php?rest_route=\/wp\/v2\/pages\/2\/revisions\/229"}],"wp:attachment":[{"href":"http:\/\/soul-control.de\/index.php?rest_route=%2Fwp%2Fv2%2Fmedia&parent=2"}],"curies":[{"name":"wp","href":"https:\/\/api.w.org\/{rel}","templated":true}]}}